{"id":2212,"date":"2020-01-28T17:53:12","date_gmt":"2020-01-28T17:53:12","guid":{"rendered":"http:\/\/www.boxxman.fr\/?page_id=2212"},"modified":"2020-01-28T18:02:34","modified_gmt":"2020-01-28T18:02:34","slug":"politique-dutilisation-des-cookies","status":"publish","type":"page","link":"https:\/\/www.newmillenium.fr\/de\/politique-dutilisation-des-cookies\/","title":{"rendered":"Politique d&rsquo;utilisation des Cookies"},"content":{"rendered":"<div class=\"cli_pg_page_contaner\">\n<h3><strong>\u00c0 propos de cette politique de cookies<\/strong><\/h3>\n<div>\n<p>Cette politique relative aux cookies explique ce que sont les cookies et comment nous les utilisons. Vous devez lire cette politique pour comprendre ce que sont les cookies, comment nous les utilisons, les types de cookies que nous utilisons, c&rsquo;est-\u00e0-dire les informations que nous recueillons \u00e0 l&rsquo;aide de cookies et comment ces informations sont utilis\u00e9es et comment contr\u00f4ler les pr\u00e9f\u00e9rences en mati\u00e8re de cookies. Pour plus d&rsquo;informations sur la fa\u00e7on dont nous utilisons, stockons et prot\u00e9geons vos donn\u00e9es personnelles, consultez notre Politique de confidentialit\u00e9.<\/p>\n<p>Vous pouvez \u00e0 tout moment modifier ou retirer votre consentement de la D\u00e9claration de cookies sur notre site Web.<\/p>\n<p>En savoir plus sur qui nous sommes, comment vous pouvez nous contacter et comment nous traitons les donn\u00e9es personnelles dans notre politique de confidentialit\u00e9.<\/p>\n<p>Votre consentement s&rsquo;applique aux domaines suivants: <a href=\"http:\/\/www.boxxman.fr\">www.boxxman.fr<\/a><\/p>\n<p>[user_consent_state]<\/p>\n<\/div>\n<p><\/br><\/p>\n<hr>\n<h3><strong>Que sont les cookies ?<\/strong><\/h3>\n<div>\n<p>Les cookies sont de petits fichiers texte utilis\u00e9s pour stocker de petites informations. Les cookies sont stock\u00e9s sur votre appareil lorsque le site Web est charg\u00e9 sur votre navigateur. Ces cookies nous aident \u00e0 faire fonctionner le site Web correctement, \u00e0 rendre le site Web plus s\u00fbr, \u00e0 offrir une meilleure exp\u00e9rience utilisateur et \u00e0 comprendre comment le site Web fonctionne et \u00e0 analyser ce qui fonctionne et o\u00f9 il doit \u00eatre am\u00e9lior\u00e9.<\/p>\n<\/div>\n<hr>\n<h3><strong>Comment utilisons-nous les cookies ?<\/strong><\/h3>\n<div>\n<p>Comme la plupart des services en ligne, notre site Web utilise des cookies propri\u00e9taires et des cookies tiers \u00e0 plusieurs fins. Les cookies propri\u00e9taires sont principalement n\u00e9cessaires au fonctionnement du site Web et ne collectent aucune de vos donn\u00e9es personnelles identifiables.<\/p>\n<p>Les cookies tiers utilis\u00e9s sur nos sites Web sont utilis\u00e9s principalement pour comprendre comment le site Web fonctionne, comment vous interagissez avec notre site Web, garder nos services s\u00e9curis\u00e9s, fournir des publicit\u00e9s qui vous concernent et, dans l&rsquo;ensemble, vous fournir un meilleur et am\u00e9lior\u00e9. exp\u00e9rience utilisateur et acc\u00e9l\u00e9rez vos interactions futures avec notre site Web.<\/p>\n<\/div>\n<hr>\n<h3><strong>Quels types de cookies utilisons-nous ?<\/strong><\/h3>\n<div>\n<p><span style=\"font-weight: bold;\">Essentiel:<\/span> Certains cookies sont essentiels pour que vous puissiez profiter de toutes les fonctionnalit\u00e9s de notre site. Ils nous permettent de maintenir des sessions utilisateur et de pr\u00e9venir toute menace de s\u00e9curit\u00e9. Ils ne collectent ni ne stockent aucune information personnelle. Par exemple, ces cookies vous permettent de vous connecter \u00e0 votre compte et d&rsquo;ajouter des produits \u00e0 votre panier et de commander en toute s\u00e9curit\u00e9.<\/p>\n<p><span style=\"font-weight: bold;\">Statistiques:<\/span> Ces cookies stockent des informations telles que le nombre de visiteurs du site Web, le nombre de visiteurs uniques, les pages du site Web qui ont \u00e9t\u00e9 visit\u00e9es, la source de la visite, etc. Ces donn\u00e9es nous aident \u00e0 comprendre et \u00e0 analyser la performance du site Web et o\u00f9 il se trouve. a besoin d&rsquo;am\u00e9lioration.<\/p>\n<p><span style=\"font-weight: bold;\">Marketing:<\/span> Notre site Web affiche des publicit\u00e9s. Ces cookies sont utilis\u00e9s pour personnaliser les publicit\u00e9s que nous vous montrons afin qu&rsquo;elles soient significatives pour vous. Ces cookies nous aident \u00e9galement \u00e0 suivre l&rsquo;efficacit\u00e9 de ces campagnes publicitaires.<\/p>\n<p>Les informations stock\u00e9es dans ces cookies peuvent \u00e9galement \u00eatre utilis\u00e9es par les fournisseurs de publicit\u00e9 tiers pour vous montrer \u00e9galement des annonces sur d&rsquo;autres sites Web sur le navigateur.<\/p>\n<p><span style=\"font-weight: bold;\">Fonctionnel:<\/span> Ce sont les cookies qui aident certaines fonctionnalit\u00e9s non essentielles de notre site Web. Ces fonctionnalit\u00e9s incluent l&rsquo;int\u00e9gration de contenu comme des vid\u00e9os ou le partage de contenu sur le site Web sur des plateformes de m\u00e9dias sociaux.<\/p>\n<p><span style=\"font-weight: bold;\">Pr\u00e9f\u00e9rences:<\/span> Ces cookies nous aident \u00e0 stocker vos param\u00e8tres et pr\u00e9f\u00e9rences de navigation comme les pr\u00e9f\u00e9rences linguistiques afin que vous ayez une exp\u00e9rience meilleure et efficace lors de vos futures visites sur le site.<\/p>\n<p>[cookie_audit columns=\u00a0\u00bbcookie,description\u00a0\u00bb heading=\u00a0\u00bbLa liste ci-dessous d\u00e9taille les cookies utilis\u00e9s sur notre site Web.\u00a0\u00bb]<\/p>\n<\/div>\n<hr>\n<h3><strong>Comment puis-je contr\u00f4ler les pr\u00e9f\u00e9rences des cookies ?<\/strong><\/h3>\n<div>\n<p>Si vous d\u00e9cidez de modifier vos pr\u00e9f\u00e9rences ult\u00e9rieurement lors de votre session de navigation, vous pouvez cliquer sur l&rsquo;onglet \u00ab\u00a0Politique de confidentialit\u00e9 des cookies\u00a0\u00bb sur votre \u00e9cran. Cela affichera \u00e0 nouveau l&rsquo;avis de consentement vous permettant de modifier vos pr\u00e9f\u00e9rences ou de retirer votre consentement enti\u00e8rement.<\/p>\n<p>En plus de cela, diff\u00e9rents navigateurs proposent diff\u00e9rentes m\u00e9thodes pour bloquer et supprimer les cookies utilis\u00e9s par les sites Web. Vous pouvez modifier les param\u00e8tres de votre navigateur pour bloquer \/ supprimer les cookies. Pour en savoir plus sur la gestion et la suppression des cookies, visitez <a href=\"https:\/\/en.wikipedia.org\/wiki\/HTTP_cookie\" target=\"_blank\" rel=\"nofollow noopener noreferrer\">wikipedia.org<\/a>, <a href=\"http:\/\/www.allaboutcookies.org\/\" target=\"_blank\" rel=\"nofollow noopener noreferrer\">www.allaboutcookies.org.<\/a><\/p>\n<\/div>\n<\/div>\n","protected":false},"excerpt":{"rendered":"<p>\u00c0 propos de cette politique de cookies Cette politique relative aux cookies explique ce que sont les cookies et comment nous les utilisons. Vous devez lire cette politique pour comprendre ce que sont les cookies, comment nous les utilisons, les types de cookies que nous utilisons, c&rsquo;est-\u00e0-dire les informations que&#8230;<\/p>\n","protected":false},"author":1,"featured_media":0,"parent":0,"menu_order":0,"comment_status":"closed","ping_status":"closed","template":"templates\/full-width-page.php","meta":{"inline_featured_image":false,"footnotes":""},"class_list":["post-2212","page","type-page","status-publish","hentry"],"yoast_head":"<!-- This site is optimized with the Yoast SEO plugin v26.4 - https:\/\/yoast.com\/wordpress\/plugins\/seo\/ -->\n<title>Politique d&#039;utilisation des Cookies | New Millenium<\/title>\n<meta name=\"robots\" content=\"index, follow, max-snippet:-1, max-image-preview:large, max-video-preview:-1\" \/>\n<link rel=\"canonical\" href=\"https:\/\/www.newmillenium.fr\/de\/politique-dutilisation-des-cookies\/\" \/>\n<meta property=\"og:locale\" content=\"fr_FR\" \/>\n<meta property=\"og:type\" content=\"article\" \/>\n<meta property=\"og:title\" content=\"Politique d&#039;utilisation des Cookies | New Millenium\" \/>\n<meta property=\"og:description\" content=\"\u00c0 propos de cette politique de cookies Cette politique relative aux cookies explique ce que sont les cookies et comment nous les utilisons. Vous devez lire cette politique pour comprendre ce que sont les cookies, comment nous les utilisons, les types de cookies que nous utilisons, c&rsquo;est-\u00e0-dire les informations que...\" \/>\n<meta property=\"og:url\" content=\"https:\/\/www.newmillenium.fr\/de\/politique-dutilisation-des-cookies\/\" \/>\n<meta property=\"og:site_name\" content=\"New Millenium\" \/>\n<meta property=\"article:modified_time\" content=\"2020-01-28T18:02:34+00:00\" \/>\n<meta name=\"twitter:card\" content=\"summary_large_image\" \/>\n<meta name=\"twitter:label1\" content=\"Dur\u00e9e de lecture estim\u00e9e\" \/>\n\t<meta name=\"twitter:data1\" content=\"4 minutes\" \/>\n<script type=\"application\/ld+json\" class=\"yoast-schema-graph\">{\"@context\":\"https:\/\/schema.org\",\"@graph\":[{\"@type\":\"WebPage\",\"@id\":\"https:\/\/www.newmillenium.fr\/de\/politique-dutilisation-des-cookies\/\",\"url\":\"https:\/\/www.newmillenium.fr\/de\/politique-dutilisation-des-cookies\/\",\"name\":\"Politique d'utilisation des Cookies | New Millenium\",\"isPartOf\":{\"@id\":\"https:\/\/www.newmillenium.fr\/de\/#website\"},\"datePublished\":\"2020-01-28T17:53:12+00:00\",\"dateModified\":\"2020-01-28T18:02:34+00:00\",\"breadcrumb\":{\"@id\":\"https:\/\/www.newmillenium.fr\/de\/politique-dutilisation-des-cookies\/#breadcrumb\"},\"inLanguage\":\"fr-FR\",\"potentialAction\":[{\"@type\":\"ReadAction\",\"target\":[\"https:\/\/www.newmillenium.fr\/de\/politique-dutilisation-des-cookies\/\"]}]},{\"@type\":\"BreadcrumbList\",\"@id\":\"https:\/\/www.newmillenium.fr\/de\/politique-dutilisation-des-cookies\/#breadcrumb\",\"itemListElement\":[{\"@type\":\"ListItem\",\"position\":1,\"name\":\"Accueil\",\"item\":\"https:\/\/www.newmillenium.fr\/de\/\"},{\"@type\":\"ListItem\",\"position\":2,\"name\":\"Politique d&rsquo;utilisation des Cookies\"}]},{\"@type\":\"WebSite\",\"@id\":\"https:\/\/www.newmillenium.fr\/de\/#website\",\"url\":\"https:\/\/www.newmillenium.fr\/de\/\",\"name\":\"New Millenium\",\"description\":\"SEXSHOP KUNSTGALERIE PARIS\",\"publisher\":{\"@id\":\"https:\/\/www.newmillenium.fr\/de\/#organization\"},\"potentialAction\":[{\"@type\":\"SearchAction\",\"target\":{\"@type\":\"EntryPoint\",\"urlTemplate\":\"https:\/\/www.newmillenium.fr\/de\/?s={search_term_string}\"},\"query-input\":{\"@type\":\"PropertyValueSpecification\",\"valueRequired\":true,\"valueName\":\"search_term_string\"}}],\"inLanguage\":\"fr-FR\"},{\"@type\":\"Organization\",\"@id\":\"https:\/\/www.newmillenium.fr\/de\/#organization\",\"name\":\"NEW MILLENIUM\",\"url\":\"https:\/\/www.newmillenium.fr\/de\/\",\"logo\":{\"@type\":\"ImageObject\",\"inLanguage\":\"fr-FR\",\"@id\":\"https:\/\/www.newmillenium.fr\/de\/#\/schema\/logo\/image\/\",\"url\":\"https:\/\/www.newmillenium.fr\/de\/wp-content\/uploads\/sites\/12\/2024\/07\/newmillenium-paris.jpg\",\"contentUrl\":\"https:\/\/www.newmillenium.fr\/de\/wp-content\/uploads\/sites\/12\/2024\/07\/newmillenium-paris.jpg\",\"width\":696,\"height\":696,\"caption\":\"NEW MILLENIUM\"},\"image\":{\"@id\":\"https:\/\/www.newmillenium.fr\/de\/#\/schema\/logo\/image\/\"}}]}<\/script>\n<!-- \/ Yoast SEO plugin. -->","yoast_head_json":{"title":"Politique d'utilisation des Cookies | New Millenium","robots":{"index":"index","follow":"follow","max-snippet":"max-snippet:-1","max-image-preview":"max-image-preview:large","max-video-preview":"max-video-preview:-1"},"canonical":"https:\/\/www.newmillenium.fr\/de\/politique-dutilisation-des-cookies\/","og_locale":"fr_FR","og_type":"article","og_title":"Politique d'utilisation des Cookies | New Millenium","og_description":"\u00c0 propos de cette politique de cookies Cette politique relative aux cookies explique ce que sont les cookies et comment nous les utilisons. Vous devez lire cette politique pour comprendre ce que sont les cookies, comment nous les utilisons, les types de cookies que nous utilisons, c&rsquo;est-\u00e0-dire les informations que...","og_url":"https:\/\/www.newmillenium.fr\/de\/politique-dutilisation-des-cookies\/","og_site_name":"New Millenium","article_modified_time":"2020-01-28T18:02:34+00:00","twitter_card":"summary_large_image","twitter_misc":{"Dur\u00e9e de lecture estim\u00e9e":"4 minutes"},"schema":{"@context":"https:\/\/schema.org","@graph":[{"@type":"WebPage","@id":"https:\/\/www.newmillenium.fr\/de\/politique-dutilisation-des-cookies\/","url":"https:\/\/www.newmillenium.fr\/de\/politique-dutilisation-des-cookies\/","name":"Politique d'utilisation des Cookies | New Millenium","isPartOf":{"@id":"https:\/\/www.newmillenium.fr\/de\/#website"},"datePublished":"2020-01-28T17:53:12+00:00","dateModified":"2020-01-28T18:02:34+00:00","breadcrumb":{"@id":"https:\/\/www.newmillenium.fr\/de\/politique-dutilisation-des-cookies\/#breadcrumb"},"inLanguage":"fr-FR","potentialAction":[{"@type":"ReadAction","target":["https:\/\/www.newmillenium.fr\/de\/politique-dutilisation-des-cookies\/"]}]},{"@type":"BreadcrumbList","@id":"https:\/\/www.newmillenium.fr\/de\/politique-dutilisation-des-cookies\/#breadcrumb","itemListElement":[{"@type":"ListItem","position":1,"name":"Accueil","item":"https:\/\/www.newmillenium.fr\/de\/"},{"@type":"ListItem","position":2,"name":"Politique d&rsquo;utilisation des Cookies"}]},{"@type":"WebSite","@id":"https:\/\/www.newmillenium.fr\/de\/#website","url":"https:\/\/www.newmillenium.fr\/de\/","name":"New Millenium","description":"SEXSHOP KUNSTGALERIE PARIS","publisher":{"@id":"https:\/\/www.newmillenium.fr\/de\/#organization"},"potentialAction":[{"@type":"SearchAction","target":{"@type":"EntryPoint","urlTemplate":"https:\/\/www.newmillenium.fr\/de\/?s={search_term_string}"},"query-input":{"@type":"PropertyValueSpecification","valueRequired":true,"valueName":"search_term_string"}}],"inLanguage":"fr-FR"},{"@type":"Organization","@id":"https:\/\/www.newmillenium.fr\/de\/#organization","name":"NEW MILLENIUM","url":"https:\/\/www.newmillenium.fr\/de\/","logo":{"@type":"ImageObject","inLanguage":"fr-FR","@id":"https:\/\/www.newmillenium.fr\/de\/#\/schema\/logo\/image\/","url":"https:\/\/www.newmillenium.fr\/de\/wp-content\/uploads\/sites\/12\/2024\/07\/newmillenium-paris.jpg","contentUrl":"https:\/\/www.newmillenium.fr\/de\/wp-content\/uploads\/sites\/12\/2024\/07\/newmillenium-paris.jpg","width":696,"height":696,"caption":"NEW MILLENIUM"},"image":{"@id":"https:\/\/www.newmillenium.fr\/de\/#\/schema\/logo\/image\/"}}]}},"_links":{"self":[{"href":"https:\/\/www.newmillenium.fr\/de\/wp-json\/wp\/v2\/pages\/2212","targetHints":{"allow":["GET"]}}],"collection":[{"href":"https:\/\/www.newmillenium.fr\/de\/wp-json\/wp\/v2\/pages"}],"about":[{"href":"https:\/\/www.newmillenium.fr\/de\/wp-json\/wp\/v2\/types\/page"}],"author":[{"embeddable":true,"href":"https:\/\/www.newmillenium.fr\/de\/wp-json\/wp\/v2\/users\/1"}],"replies":[{"embeddable":true,"href":"https:\/\/www.newmillenium.fr\/de\/wp-json\/wp\/v2\/comments?post=2212"}],"version-history":[{"count":3,"href":"https:\/\/www.newmillenium.fr\/de\/wp-json\/wp\/v2\/pages\/2212\/revisions"}],"predecessor-version":[{"id":2218,"href":"https:\/\/www.newmillenium.fr\/de\/wp-json\/wp\/v2\/pages\/2212\/revisions\/2218"}],"wp:attachment":[{"href":"https:\/\/www.newmillenium.fr\/de\/wp-json\/wp\/v2\/media?parent=2212"}],"curies":[{"name":"wp","href":"https:\/\/api.w.org\/{rel}","templated":true}]}}