{"id":12,"date":"2016-09-05T19:52:33","date_gmt":"2016-09-05T19:52:33","guid":{"rendered":"http:\/\/demos.famethemes.com\/screenr\/?page_id=12"},"modified":"2024-07-01T19:21:36","modified_gmt":"2024-07-01T19:21:36","slug":"sex-club-pour-adulte","status":"publish","type":"page","link":"https:\/\/www.newmillenium.fr\/de\/sex-club-pour-adulte\/","title":{"rendered":"INFOS UTILES"},"content":{"rendered":"","protected":false},"excerpt":{"rendered":"<p>Sexshop en entr\u00e9e libre<br \/>\nR\u00e9serv\u00e9 aux + de 18 ans<br \/>\nCruising Zone le Boxx <a href=\"http:\/\/www.boxxman.fr\/cruising-gay-paris\/\">(voir tarifs)<\/a><\/p>\n","protected":false},"author":2,"featured_media":0,"parent":0,"menu_order":0,"comment_status":"closed","ping_status":"closed","template":"","meta":{"inline_featured_image":false,"footnotes":""},"class_list":["post-12","page","type-page","status-publish","hentry"],"yoast_head":"<!-- This site is optimized with the Yoast SEO plugin v26.4 - https:\/\/yoast.com\/wordpress\/plugins\/seo\/ -->\n<title>INFOS UTILES | New Millenium<\/title>\n<meta name=\"robots\" content=\"index, follow, max-snippet:-1, max-image-preview:large, max-video-preview:-1\" \/>\n<link rel=\"canonical\" href=\"https:\/\/www.newmillenium.fr\/de\/sex-club-pour-adulte\/\" \/>\n<meta property=\"og:locale\" content=\"fr_FR\" \/>\n<meta property=\"og:type\" content=\"article\" \/>\n<meta property=\"og:title\" content=\"INFOS UTILES | New Millenium\" \/>\n<meta property=\"og:description\" content=\"Sexshop en entr\u00e9e libre R\u00e9serv\u00e9 aux + de 18 ans Cruising Zone le Boxx (voir tarifs)\" \/>\n<meta property=\"og:url\" content=\"https:\/\/www.newmillenium.fr\/de\/sex-club-pour-adulte\/\" \/>\n<meta property=\"og:site_name\" content=\"New Millenium\" \/>\n<meta property=\"article:modified_time\" content=\"2024-07-01T19:21:36+00:00\" \/>\n<meta name=\"twitter:card\" content=\"summary_large_image\" \/>\n<script type=\"application\/ld+json\" class=\"yoast-schema-graph\">{\"@context\":\"https:\/\/schema.org\",\"@graph\":[{\"@type\":\"WebPage\",\"@id\":\"https:\/\/www.newmillenium.fr\/de\/sex-club-pour-adulte\/\",\"url\":\"https:\/\/www.newmillenium.fr\/de\/sex-club-pour-adulte\/\",\"name\":\"INFOS UTILES | New Millenium\",\"isPartOf\":{\"@id\":\"https:\/\/www.newmillenium.fr\/de\/#website\"},\"datePublished\":\"2016-09-05T19:52:33+00:00\",\"dateModified\":\"2024-07-01T19:21:36+00:00\",\"breadcrumb\":{\"@id\":\"https:\/\/www.newmillenium.fr\/de\/sex-club-pour-adulte\/#breadcrumb\"},\"inLanguage\":\"fr-FR\",\"potentialAction\":[{\"@type\":\"ReadAction\",\"target\":[\"https:\/\/www.newmillenium.fr\/de\/sex-club-pour-adulte\/\"]}]},{\"@type\":\"BreadcrumbList\",\"@id\":\"https:\/\/www.newmillenium.fr\/de\/sex-club-pour-adulte\/#breadcrumb\",\"itemListElement\":[{\"@type\":\"ListItem\",\"position\":1,\"name\":\"Accueil\",\"item\":\"https:\/\/www.newmillenium.fr\/de\/\"},{\"@type\":\"ListItem\",\"position\":2,\"name\":\"INFOS UTILES\"}]},{\"@type\":\"WebSite\",\"@id\":\"https:\/\/www.newmillenium.fr\/de\/#website\",\"url\":\"https:\/\/www.newmillenium.fr\/de\/\",\"name\":\"New Millenium\",\"description\":\"SEXSHOP KUNSTGALERIE PARIS\",\"publisher\":{\"@id\":\"https:\/\/www.newmillenium.fr\/de\/#organization\"},\"potentialAction\":[{\"@type\":\"SearchAction\",\"target\":{\"@type\":\"EntryPoint\",\"urlTemplate\":\"https:\/\/www.newmillenium.fr\/de\/?s={search_term_string}\"},\"query-input\":{\"@type\":\"PropertyValueSpecification\",\"valueRequired\":true,\"valueName\":\"search_term_string\"}}],\"inLanguage\":\"fr-FR\"},{\"@type\":\"Organization\",\"@id\":\"https:\/\/www.newmillenium.fr\/de\/#organization\",\"name\":\"NEW MILLENIUM\",\"url\":\"https:\/\/www.newmillenium.fr\/de\/\",\"logo\":{\"@type\":\"ImageObject\",\"inLanguage\":\"fr-FR\",\"@id\":\"https:\/\/www.newmillenium.fr\/de\/#\/schema\/logo\/image\/\",\"url\":\"https:\/\/www.newmillenium.fr\/de\/wp-content\/uploads\/sites\/12\/2024\/07\/newmillenium-paris.jpg\",\"contentUrl\":\"https:\/\/www.newmillenium.fr\/de\/wp-content\/uploads\/sites\/12\/2024\/07\/newmillenium-paris.jpg\",\"width\":696,\"height\":696,\"caption\":\"NEW MILLENIUM\"},\"image\":{\"@id\":\"https:\/\/www.newmillenium.fr\/de\/#\/schema\/logo\/image\/\"}}]}<\/script>\n<!-- \/ Yoast SEO plugin. -->","yoast_head_json":{"title":"INFOS UTILES | New Millenium","robots":{"index":"index","follow":"follow","max-snippet":"max-snippet:-1","max-image-preview":"max-image-preview:large","max-video-preview":"max-video-preview:-1"},"canonical":"https:\/\/www.newmillenium.fr\/de\/sex-club-pour-adulte\/","og_locale":"fr_FR","og_type":"article","og_title":"INFOS UTILES | New Millenium","og_description":"Sexshop en entr\u00e9e libre R\u00e9serv\u00e9 aux + de 18 ans Cruising Zone le Boxx (voir tarifs)","og_url":"https:\/\/www.newmillenium.fr\/de\/sex-club-pour-adulte\/","og_site_name":"New Millenium","article_modified_time":"2024-07-01T19:21:36+00:00","twitter_card":"summary_large_image","schema":{"@context":"https:\/\/schema.org","@graph":[{"@type":"WebPage","@id":"https:\/\/www.newmillenium.fr\/de\/sex-club-pour-adulte\/","url":"https:\/\/www.newmillenium.fr\/de\/sex-club-pour-adulte\/","name":"INFOS UTILES | New Millenium","isPartOf":{"@id":"https:\/\/www.newmillenium.fr\/de\/#website"},"datePublished":"2016-09-05T19:52:33+00:00","dateModified":"2024-07-01T19:21:36+00:00","breadcrumb":{"@id":"https:\/\/www.newmillenium.fr\/de\/sex-club-pour-adulte\/#breadcrumb"},"inLanguage":"fr-FR","potentialAction":[{"@type":"ReadAction","target":["https:\/\/www.newmillenium.fr\/de\/sex-club-pour-adulte\/"]}]},{"@type":"BreadcrumbList","@id":"https:\/\/www.newmillenium.fr\/de\/sex-club-pour-adulte\/#breadcrumb","itemListElement":[{"@type":"ListItem","position":1,"name":"Accueil","item":"https:\/\/www.newmillenium.fr\/de\/"},{"@type":"ListItem","position":2,"name":"INFOS UTILES"}]},{"@type":"WebSite","@id":"https:\/\/www.newmillenium.fr\/de\/#website","url":"https:\/\/www.newmillenium.fr\/de\/","name":"New Millenium","description":"SEXSHOP KUNSTGALERIE PARIS","publisher":{"@id":"https:\/\/www.newmillenium.fr\/de\/#organization"},"potentialAction":[{"@type":"SearchAction","target":{"@type":"EntryPoint","urlTemplate":"https:\/\/www.newmillenium.fr\/de\/?s={search_term_string}"},"query-input":{"@type":"PropertyValueSpecification","valueRequired":true,"valueName":"search_term_string"}}],"inLanguage":"fr-FR"},{"@type":"Organization","@id":"https:\/\/www.newmillenium.fr\/de\/#organization","name":"NEW MILLENIUM","url":"https:\/\/www.newmillenium.fr\/de\/","logo":{"@type":"ImageObject","inLanguage":"fr-FR","@id":"https:\/\/www.newmillenium.fr\/de\/#\/schema\/logo\/image\/","url":"https:\/\/www.newmillenium.fr\/de\/wp-content\/uploads\/sites\/12\/2024\/07\/newmillenium-paris.jpg","contentUrl":"https:\/\/www.newmillenium.fr\/de\/wp-content\/uploads\/sites\/12\/2024\/07\/newmillenium-paris.jpg","width":696,"height":696,"caption":"NEW MILLENIUM"},"image":{"@id":"https:\/\/www.newmillenium.fr\/de\/#\/schema\/logo\/image\/"}}]}},"_links":{"self":[{"href":"https:\/\/www.newmillenium.fr\/de\/wp-json\/wp\/v2\/pages\/12","targetHints":{"allow":["GET"]}}],"collection":[{"href":"https:\/\/www.newmillenium.fr\/de\/wp-json\/wp\/v2\/pages"}],"about":[{"href":"https:\/\/www.newmillenium.fr\/de\/wp-json\/wp\/v2\/types\/page"}],"author":[{"embeddable":true,"href":"https:\/\/www.newmillenium.fr\/de\/wp-json\/wp\/v2\/users\/2"}],"replies":[{"embeddable":true,"href":"https:\/\/www.newmillenium.fr\/de\/wp-json\/wp\/v2\/comments?post=12"}],"version-history":[{"count":10,"href":"https:\/\/www.newmillenium.fr\/de\/wp-json\/wp\/v2\/pages\/12\/revisions"}],"predecessor-version":[{"id":3029,"href":"https:\/\/www.newmillenium.fr\/de\/wp-json\/wp\/v2\/pages\/12\/revisions\/3029"}],"wp:attachment":[{"href":"https:\/\/www.newmillenium.fr\/de\/wp-json\/wp\/v2\/media?parent=12"}],"curies":[{"name":"wp","href":"https:\/\/api.w.org\/{rel}","templated":true}]}}