{"id":1181,"date":"2016-09-05T18:28:26","date_gmt":"2016-09-05T18:28:26","guid":{"rendered":"http:\/\/demos.famethemes.com\/screenr\/?page_id=2"},"modified":"2025-02-24T11:55:15","modified_gmt":"2025-02-24T11:55:15","slug":"informations-horaires","status":"publish","type":"page","link":"https:\/\/www.newmillenium.fr\/de\/informations-horaires\/","title":{"rendered":"NEW MILLENIUM \u00d6FFNUNGSZEITEN"},"content":{"rendered":"\n<h1 class=\"wp-block-heading\">Wie komme ich nach New Millenium?<\/h1>\n\n\n\n<div style=\"height:30px\" aria-hidden=\"true\" class=\"wp-block-spacer\"><\/div>\n\n\n\n<h2 class=\"wp-block-heading has-medium-font-size\"><strong>37 Rue Jean-Pierre Timbaud 75011 Paris<\/strong><\/h2>\n\n\n\n<div class=\"wp-block-columns is-layout-flex wp-container-core-columns-is-layout-9d6595d7 wp-block-columns-is-layout-flex\">\n<div class=\"wp-block-column is-layout-flow wp-block-column-is-layout-flow\">\n<p style=\"text-align: justify;\">New Millenium liegt nur einen Steinwurf vom Place de la R\u00e9publique entfernt, in Richtung der Metrostation Parmentier.<br>Schnell mit \u00f6ffentlichen Verkehrsmitteln erreichbar.<\/p>\n<p style=\"text-align: left;\">Mit der Metro von R\u00e9publique: <img decoding=\"async\" src=\"https:\/\/www.newmillenium.fr\/wp-content\/uploads\/2025\/02\/Paris_transit_icons_-_Metro_3.svg.png\" width=\"25px\"> <img decoding=\"async\" src=\"https:\/\/www.newmillenium.fr\/wp-content\/uploads\/2025\/02\/Paris_transit_icons_-_Metro_5.svg.png\" width=\"25px\"> <img decoding=\"async\" src=\"https:\/\/www.newmillenium.fr\/wp-content\/uploads\/2025\/02\/Paris_transit_icons_-_Metro_8.svg.png\" width=\"25px\"> <img decoding=\"async\" src=\"https:\/\/www.newmillenium.fr\/wp-content\/uploads\/2025\/02\/Paris_transit_icons_-_Metro_9.svg.png\" width=\"25px\"> <img decoding=\"async\" src=\"https:\/\/www.newmillenium.fr\/wp-content\/uploads\/2025\/02\/Paris-transit-icons-Metro-Ligne-11.svg\" width=\"25px\"><\/p>\n<p style=\"text-align: left;\">Oder vom Bahnhof Parmentier: <img decoding=\"async\" src=\"https:\/\/www.newmillenium.fr\/wp-content\/uploads\/2025\/02\/Paris_transit_icons_-_Metro_3.svg.png\" width=\"25px\"><\/p>\n<p style=\"text-align: left;\">Oder vom Bahnhof Oberkampf: <img decoding=\"async\" src=\"https:\/\/www.newmillenium.fr\/wp-content\/uploads\/2025\/02\/Paris_transit_icons_-_Metro_5.svg.png\" width=\"25px\"> <img decoding=\"async\" src=\"https:\/\/www.newmillenium.fr\/wp-content\/uploads\/2025\/02\/Paris_transit_icons_-_Metro_9.svg.png\" width=\"25px\"><\/p><br>\n<p style=\"text-align: left;\">V\u00e9lib&rsquo;-Station gegen\u00fcber der Einrichtung.<\/p>\n<\/div>\n<\/div>\n\n\n\n\n\n<div class=\"open-user-map \">\n\n  \n  \n  <!-- Map Container -->\n  <div class=\"oum-map-container\">\n    \n<div class=\"box-wrap map-size-fullwidth \">\n  \n  <div class=\"map-wrap\">\n    <div class=\"oum-loading-overlay\">\n      <div class=\"oum-loading-spinner\"><\/div>\n    <\/div>\n    <div id=\"map-20210929\" class=\"leaflet-map map-style_CartoDB.Positron\" data-oum-tile-provider-container=\"cartodb\"><\/div>\n    \n    \n    \n    \n    \n    \n    <script type=\"text\/javascript\" id=\"oum-init-map\" data-oum-tile-provider=\"cartodb\">\n\n      map_el = `map-20210929`;\n\n      if(document.getElementById(map_el)) {\n        \/* Transfer PHP array to JS json *\/\n        var oum_all_locations = [{\"title\":\"New Millenium\",\"lat\":\"48.8665164\",\"lng\":\"2.3727003\",\"zoom\":\"16\",\"content\":\"\\u003Cdiv class=\\u0022oum_location_text\\u0022\\u003E\\u003Cdiv class=\\u0022oum_location_address\\u0022\\u003E\\u003Ca title=\\u0022go to Google Maps\\u0022 href=\\u0022https:\/\/www.google.com\/maps\/search\/?api=1\\u0026amp;query=48.8665164%2C2.3727003\\u0022 target=\\u0022_blank\\u0022\\u003ENew Millenium\\u003C\/a\\u003E\\u003C\/div\\u003E\\u003Cdiv class=\\u0022oum_location_title\\u0022\\u003E\\u003Ch3 class=\\u0022oum_location_name\\u0022\\u003ENew Millenium\\u003C\/h3\\u003E\\u003C\/div\\u003E\\u003Cdiv class=\\u0022oum_location_description\\u0022\\u003E37 Rue Jean-Pierre Timbaud\\u003Cbr\\u003E75011 Paris\\u003Cbr\\u003EM\u00e9tro R\u00e9publique Parmentier\\u003C\/div\\u003E\\u003Cdiv class=\\u0022oum_location_text_bottom\\u0022\\u003E\\u003C\/div\\u003E\\u003C\/div\\u003E\\u003Cdiv style=\\u0022display: none\\u0022\\u003Eboxxman\\u003C\/div\\u003E\",\"icon\":\"https:\/\/www.newmillenium.fr\/de\/wp-content\/plugins\/open-user-map\/src\/leaflet\/images\/marker-icon_custom3-2x.png\",\"types\":[],\"post_id\":\"3236\",\"address\":\"New Millenium\",\"text\":\"37 Rue Jean-Pierre Timbaud\\u003Cbr\\u003E75011 Paris\\u003Cbr\\u003EM\u00e9tro R\u00e9publique Parmentier\",\"image\":\"\",\"audio\":\"\",\"video\":\"\",\"custom_fields\":[],\"votes\":0}];\n\n        \/\/ Wait for the main initialization function to be available, then call it\n        function oumWaitForMainInit() {\n          if (typeof oumInitializeMap === 'function') {\n            console.log('\ud83d\uddfa\ufe0f Open User Map: Starting');\n            \n            \/\/ Initialize the map\n            oumInitializeMap();\n          } else {\n            setTimeout(oumWaitForMainInit, 100);\n          }\n        }\n        \n        setTimeout(oumWaitForMainInit, 100);\n      }\n\n    <\/script>\n\n    <script type=\"text\/javascript\" id=\"oum-inline-js\" \n      data-category=\"functional\" \n      class=\"cmplz-native\" \n      data-minify=\"0\"\n      data-no-optimize=\"1\"\n      data-no-defer=\"1\"\n      data-no-combine=\"1\"\n      data-cfasync=\"false\"\n      data-pagespeed-no-defer\n      data-boot=\"1\">\n\n      map_el = `map-20210929`;\n\n      if(document.getElementById(map_el)) {\n\n        \/\/ Wait for OUMLoader to be defined\n        function oumLoading() {\n          if (typeof OUMLoader !== 'undefined') {\n            \/\/ Initialize loader for this map\n            OUMLoader.initLoader(map_el);\n\n            \/\/ Add event listener for map initialization complete\n            document.addEventListener('oum:map_initialized', function(e) {\n              if (e.detail.mapId === map_el) {\n                OUMLoader.setMapInitialized(map_el);\n              }\n            });\n          } else {\n            \/\/ If OUMLoader is not yet defined, wait and try again\n            setTimeout(oumLoading, 100);\n          }\n        }\n\n        \/\/ OUM Loading Spinner\n        oumLoading();\n\n        \/\/ OUM inline JS variables\n        var mapStyle = `CartoDB.Positron`;\n        var oum_tile_provider_mapbox_key = ``;\n        var marker_icon_url = `https:\/\/www.newmillenium.fr\/de\/wp-content\/plugins\/open-user-map\/src\/leaflet\/images\/marker-icon_custom3-2x.png`;\n        var marker_shadow_url = `https:\/\/www.newmillenium.fr\/de\/wp-content\/plugins\/open-user-map\/src\/leaflet\/images\/marker-shadow.png`;\n        var oum_enable_scrollwheel_zoom_map = false;\n        var oum_enable_cluster = false;\n        var oum_enable_fullscreen = true;\n\n        var oum_enable_searchbar = false;\n        var oum_searchbar_type = `address`;\n\n        var oum_geosearch_selected_provider = ``; \n        var oum_geosearch_provider = `osm`;\n        var oum_geosearch_provider_geoapify_key = ``;\n        var oum_geosearch_provider_here_key = ``;\n        var oum_geosearch_provider_mapbox_key = ``;\n        \n        var oum_enable_searchaddress_button = false;\n        var oum_searchaddress_label = `Search for address`;\n\n        var oum_enable_searchmarkers_button = false;\n        var oum_searchmarkers_label = `New Millenium`;\n        var oum_searchmarkers_zoom = `19`;\n\n        var oum_enable_currentlocation = false;\n        var oum_action_after_submit = `text`;\n        var thankyou_redirect = ``;\n        var start_lat = Number(48.866516400025);\n        var start_lng = Number(2.3727003);\n        var start_zoom = Number(18.5);\n        \n        var oum_enable_fixed_map_bounds = ``;\n        var oum_use_settings_start_location = true;\n        var oum_has_regions = false;\n        var oum_enable_multiple_marker_types = `false`;\n        var oum_hide_filterbox = false;\n\n        \/\/ Custom Image data\n        var oum_custom_image_url = ``;\n        var oum_custom_image_bounds = {};\n        var oum_custom_image_hide_tiles = false;\n        var oum_custom_image_background_color = `#ffffff`;\n\n        var oum_location = {};\n        var oum_custom_css = '';\n        var oum_custom_script = '';\n        var oum_max_image_filesize = 10;\n        var oumMap;\n        var oumMap2;\n\n        \/**\n         * Conditional Field Feature\n         * \n         * @param {string} sourceField - The source field selector\n         * @param {string} targetField - The target field selector\n         * @param {array} condShow - The values that should show the target field\n         * @param {array|null} condHide - The values that should hide the target field. If empty\/null\/undefined, the field will be hidden when condShow is not met.\n         *\/\n        var oumConditionalField = (sourceField, targetField, condShow, condHide = null) => {\n            const sourceElements = document.querySelectorAll(sourceField); \/\/ Select all radios\/checkboxes or single select\n            const targetElementWrapper = document.querySelector(targetField)?.parentElement; \/* works with custom fields only *\/\n\n            \/\/ Check if both sourceElements and targetElementWrapper exist\n            if (!sourceElements.length) {\n                console.warn(`OUM: Source field(s) not found: ${sourceField}`);\n                return;\n            }\n\n            if (!targetElementWrapper) {\n                console.warn(`OUM: Target field wrapper not found: ${targetField}`);\n                return;\n            }\n\n            \/* Event listener for change *\/\n            const onChangeHandler = function() {\n                \/\/ Get selected values for checkboxes and single selected value for radios\/select\n                const selectedValues = Array.from(sourceElements)\n                    .filter(element => element.checked || element.tagName === 'SELECT')\n                    .map(element => element.value);\n\n                const selectedValue = selectedValues[0]; \/\/ For radios and selects, we use only the first (and only) value\n\n                console.log('OUM: run condition', {selectedValue, sourceField, targetField, condShow, condHide});\n                \n                \/\/ Show or hide target field based on the selected value(s)\n                if (condShow.includes(selectedValue)) {\n                    \/\/ Show the field if condShow condition is met\n                    targetElementWrapper.style.display = 'block';\n                } else if (condHide && Array.isArray(condHide) && condHide.length > 0 && condHide.includes(selectedValue)) {\n                    \/\/ Hide the field if condHide is provided and condition is met\n                    targetElementWrapper.style.display = 'none';\n                } else if (!condHide || (Array.isArray(condHide) && condHide.length === 0)) {\n                    \/\/ If condHide is empty\/null\/undefined, hide the field when condShow is not met\n                    targetElementWrapper.style.display = 'none';\n                }\n            };\n\n            \/* Attach the event listener to each radio\/checkbox or select *\/\n            sourceElements.forEach(element => {\n                element.addEventListener('change', onChangeHandler);\n            });\n\n            \/* Trigger initially *\/\n            onChangeHandler(); \/\/ Call it directly to set initial state\n        };\n\n        \/**\n         * Add Custom Styles\n         *\/\n        \n        \n          \/* custom color *\/\n          oum_custom_css += `\n            .open-user-map .add-location #close-add-location-overlay:hover {color: #e82c71 !important}\n            .open-user-map .box-wrap .map-wrap .oum-filter-controls .oum-filter-list .close-filter-list:hover {color: #e82c71 !important}\n            .open-user-map .oum-advanced-filter-button .oum-advanced-filter-content .close-advanced-filter:hover,\n            .open-user-map .oum-advanced-filter-panel .oum-advanced-filter-content .close-advanced-filter:hover {color: #e82c71 !important}\n            .open-user-map input.oum-switch[type=\"checkbox\"]:checked + label::before {background-color: #e82c71 !important}\n            .open-user-map .add-location .location-overlay-content #oum_add_location_thankyou h3 {color: #e82c71 !important}\n            .open-user-map .oum_location_text a {color: #e82c71 !important}\n            .open-user-map .oum_location_text .oum_vote_button_wrap .oum_vote_button.voted {background: #e82c71 !important; border-color: #e82c71 !important;}\n            .open-user-map .oum-tabs {border-color: #e82c71 !important}\n            .open-user-map .oum-tabs .nav-item:hover {color: #e82c71 !important; border-color: #e82c71 !important}\n            .open-user-map .oum-tabs .nav-item.active {color: #e82c71 !important; border-color: #e82c71 !important}\n            .open-user-map .box-wrap .map-wrap .oum-attribution a {color: #e82c71 !important;}\n            \/* Message CTA Buttons *\/\n            .open-user-map .add-location .location-overlay-content #oum_add_location_thankyou button {background-color: #e82c71 !important; border-color: #e82c71 !important;}\n            .open-user-map .add-location .location-overlay-content .oum-delete-confirmation button {background-color: #e82c71 !important; border-color: #e82c71 !important;}\n            \/* Media Section Colors *\/\n            .open-user-map .add-location .location-overlay-content #oum_add_location .oum_media .media-upload label {color: #e82c71 !important}\n            .open-user-map .add-location .location-overlay-content #oum_add_location .oum_media .oum-image-upload .media-upload-top label .multi-upload-indicator {background: #e82c71 !important}\n            .open-user-map .add-location .location-overlay-content #oum_add_location .oum_media .oum-video-upload input[type=text]:hover {border-color: #e82c71 !important}\n            .open-user-map .add-location .location-overlay-content #oum_add_location .oum_media .oum-video-upload input[type=text]:focus {border-color: #e82c71 !important; box-shadow: 0 0 0 2px #e82c711a !important}\n            .open-user-map .add-location .location-overlay-content #oum_add_location .oum_media .image-preview-placeholder {border-color: #e82c71 !important; background: #e82c710a !important}\n            .open-user-map .add-location .location-overlay-content #oum_add_location .oum_media .oum-image-preview-grid .image-preview-item.dragging {border-color: #e82c71 !important}\n            \/* List Styles *\/\n            .open-user-map-locations-list .oum-locations-list-item .oum_location_text a {color: #e82c71 !important} \n            .open-user-map-locations-list .oum-locations-list-item .oum_location_text .oum_vote_button_wrap .oum_vote_button.voted {background: #e82c71 !important; border-color: #e82c71 !important;}`;\n\n        \n        \n          \/* custom map height *\/\n          oum_custom_css += `\n            .open-user-map .box-wrap > .map-wrap {padding: 0 !important; height: 350px !important; aspect-ratio: unset !important;}`;\n\n        \n        \n          \/* custom map height *\/\n          oum_custom_css += `\n            @media screen and (max-width: 768px) {.open-user-map .box-wrap > .map-wrap {padding: 0 !important; height: 350px !important; aspect-ratio: unset !important;}}`;\n\n        \n        var custom_style = document.createElement('style');\n\n        if (custom_style.styleSheet) {\n          custom_style.styleSheet.cssText = oum_custom_css;\n        } else {\n          custom_style.appendChild(document.createTextNode(oum_custom_css));\n        }\n\n        document.getElementsByTagName('head')[0].appendChild(custom_style);\n\n        \/* Add initial CSS to prevent flash of unstyled content *\/\n        var initialStyles = document.createElement('style');\n        initialStyles.textContent = `\n          .oum-hidden {\n            opacity: 0 !important;\n            visibility: hidden !important;\n            transition: opacity 0.3s ease, visibility 0.3s ease;\n          }\n          .oum-filter-controls,\n          .open-add-location-overlay,\n          #oum_filter_markers,\n          .oum-advanced-filter-button,\n          .oum-advanced-filter-panel,\n          .oum-sidebar {\n            opacity: 0;\n            visibility: hidden;\n            transition: opacity 0.3s ease, visibility 0.3s ease;\n          }\n          .oum-filter-controls.visible,\n          .open-add-location-overlay.visible,\n          #oum_filter_markers.visible,\n          .oum-advanced-filter-button.visible,\n          .oum-advanced-filter-panel.visible,\n          .oum-sidebar.visible {\n            opacity: 1;\n            visibility: visible;\n          }\n        `;\n        document.head.appendChild(initialStyles);\n\n      }\n    <\/script>\n\n  <\/div>\n\n<\/div>\n  <\/div>\n\n<\/div>\n","protected":false},"excerpt":{"rendered":"<p>Montag bis Samstag<br \/>\n14:00 Uhr \/ 21:00 Uhr<\/p>\n<p>*Offnungszeiten k\u00f6nnen sich w\u00e4hrend der PARIS 24 Games \u00e4ndern.<\/p>\n","protected":false},"author":2,"featured_media":4193,"parent":0,"menu_order":0,"comment_status":"closed","ping_status":"open","template":"templates\/full-width-page.php","meta":{"inline_featured_image":false,"footnotes":""},"class_list":["post-1181","page","type-page","status-publish","has-post-thumbnail","hentry"],"yoast_head":"<!-- This site is optimized with the Yoast SEO plugin v26.4 - https:\/\/yoast.com\/wordpress\/plugins\/seo\/ -->\n<title>NEW MILLENIUM \u00d6FFNUNGSZEITEN | New Millenium<\/title>\n<meta name=\"robots\" content=\"index, follow, max-snippet:-1, max-image-preview:large, max-video-preview:-1\" \/>\n<link rel=\"canonical\" href=\"https:\/\/www.newmillenium.fr\/de\/informations-horaires\/\" \/>\n<meta property=\"og:locale\" content=\"fr_FR\" \/>\n<meta property=\"og:type\" content=\"article\" \/>\n<meta property=\"og:title\" content=\"NEW MILLENIUM \u00d6FFNUNGSZEITEN | New Millenium\" \/>\n<meta property=\"og:description\" content=\"Montag bis Samstag 14:00 Uhr \/ 21:00 Uhr *Offnungszeiten k\u00f6nnen sich w\u00e4hrend der PARIS 24 Games \u00e4ndern.\" \/>\n<meta property=\"og:url\" content=\"https:\/\/www.newmillenium.fr\/de\/informations-horaires\/\" \/>\n<meta property=\"og:site_name\" content=\"New Millenium\" \/>\n<meta property=\"article:modified_time\" content=\"2025-02-24T11:55:15+00:00\" \/>\n<meta property=\"og:image\" content=\"https:\/\/www.newmillenium.fr\/de\/wp-content\/uploads\/sites\/12\/2024\/07\/New-Millenium-Paris-gay-shop-main___original_1360_765.webp\" \/>\n\t<meta property=\"og:image:width\" content=\"1360\" \/>\n\t<meta property=\"og:image:height\" content=\"765\" \/>\n\t<meta property=\"og:image:type\" content=\"image\/webp\" \/>\n<meta name=\"twitter:card\" content=\"summary_large_image\" \/>\n<meta name=\"twitter:label1\" content=\"Dur\u00e9e de lecture estim\u00e9e\" \/>\n\t<meta name=\"twitter:data1\" content=\"2 minutes\" \/>\n<script type=\"application\/ld+json\" class=\"yoast-schema-graph\">{\"@context\":\"https:\/\/schema.org\",\"@graph\":[{\"@type\":\"WebPage\",\"@id\":\"https:\/\/www.newmillenium.fr\/de\/informations-horaires\/\",\"url\":\"https:\/\/www.newmillenium.fr\/de\/informations-horaires\/\",\"name\":\"NEW MILLENIUM \u00d6FFNUNGSZEITEN | New Millenium\",\"isPartOf\":{\"@id\":\"https:\/\/www.newmillenium.fr\/de\/#website\"},\"primaryImageOfPage\":{\"@id\":\"https:\/\/www.newmillenium.fr\/de\/informations-horaires\/#primaryimage\"},\"image\":{\"@id\":\"https:\/\/www.newmillenium.fr\/de\/informations-horaires\/#primaryimage\"},\"thumbnailUrl\":\"https:\/\/www.newmillenium.fr\/de\/wp-content\/uploads\/sites\/12\/2024\/07\/New-Millenium-Paris-gay-shop-main___original_1360_765.webp\",\"datePublished\":\"2016-09-05T18:28:26+00:00\",\"dateModified\":\"2025-02-24T11:55:15+00:00\",\"breadcrumb\":{\"@id\":\"https:\/\/www.newmillenium.fr\/de\/informations-horaires\/#breadcrumb\"},\"inLanguage\":\"fr-FR\",\"potentialAction\":[{\"@type\":\"ReadAction\",\"target\":[\"https:\/\/www.newmillenium.fr\/de\/informations-horaires\/\"]}]},{\"@type\":\"ImageObject\",\"inLanguage\":\"fr-FR\",\"@id\":\"https:\/\/www.newmillenium.fr\/de\/informations-horaires\/#primaryimage\",\"url\":\"https:\/\/www.newmillenium.fr\/de\/wp-content\/uploads\/sites\/12\/2024\/07\/New-Millenium-Paris-gay-shop-main___original_1360_765.webp\",\"contentUrl\":\"https:\/\/www.newmillenium.fr\/de\/wp-content\/uploads\/sites\/12\/2024\/07\/New-Millenium-Paris-gay-shop-main___original_1360_765.webp\",\"width\":1360,\"height\":765},{\"@type\":\"BreadcrumbList\",\"@id\":\"https:\/\/www.newmillenium.fr\/de\/informations-horaires\/#breadcrumb\",\"itemListElement\":[{\"@type\":\"ListItem\",\"position\":1,\"name\":\"Accueil\",\"item\":\"https:\/\/www.newmillenium.fr\/de\/\"},{\"@type\":\"ListItem\",\"position\":2,\"name\":\"NEW MILLENIUM \u00d6FFNUNGSZEITEN\"}]},{\"@type\":\"WebSite\",\"@id\":\"https:\/\/www.newmillenium.fr\/de\/#website\",\"url\":\"https:\/\/www.newmillenium.fr\/de\/\",\"name\":\"New Millenium\",\"description\":\"SEXSHOP KUNSTGALERIE PARIS\",\"publisher\":{\"@id\":\"https:\/\/www.newmillenium.fr\/de\/#organization\"},\"potentialAction\":[{\"@type\":\"SearchAction\",\"target\":{\"@type\":\"EntryPoint\",\"urlTemplate\":\"https:\/\/www.newmillenium.fr\/de\/?s={search_term_string}\"},\"query-input\":{\"@type\":\"PropertyValueSpecification\",\"valueRequired\":true,\"valueName\":\"search_term_string\"}}],\"inLanguage\":\"fr-FR\"},{\"@type\":\"Organization\",\"@id\":\"https:\/\/www.newmillenium.fr\/de\/#organization\",\"name\":\"NEW MILLENIUM\",\"url\":\"https:\/\/www.newmillenium.fr\/de\/\",\"logo\":{\"@type\":\"ImageObject\",\"inLanguage\":\"fr-FR\",\"@id\":\"https:\/\/www.newmillenium.fr\/de\/#\/schema\/logo\/image\/\",\"url\":\"https:\/\/www.newmillenium.fr\/de\/wp-content\/uploads\/sites\/12\/2024\/07\/newmillenium-paris.jpg\",\"contentUrl\":\"https:\/\/www.newmillenium.fr\/de\/wp-content\/uploads\/sites\/12\/2024\/07\/newmillenium-paris.jpg\",\"width\":696,\"height\":696,\"caption\":\"NEW MILLENIUM\"},\"image\":{\"@id\":\"https:\/\/www.newmillenium.fr\/de\/#\/schema\/logo\/image\/\"}}]}<\/script>\n<!-- \/ Yoast SEO plugin. -->","yoast_head_json":{"title":"NEW MILLENIUM \u00d6FFNUNGSZEITEN | New Millenium","robots":{"index":"index","follow":"follow","max-snippet":"max-snippet:-1","max-image-preview":"max-image-preview:large","max-video-preview":"max-video-preview:-1"},"canonical":"https:\/\/www.newmillenium.fr\/de\/informations-horaires\/","og_locale":"fr_FR","og_type":"article","og_title":"NEW MILLENIUM \u00d6FFNUNGSZEITEN | New Millenium","og_description":"Montag bis Samstag 14:00 Uhr \/ 21:00 Uhr *Offnungszeiten k\u00f6nnen sich w\u00e4hrend der PARIS 24 Games \u00e4ndern.","og_url":"https:\/\/www.newmillenium.fr\/de\/informations-horaires\/","og_site_name":"New Millenium","article_modified_time":"2025-02-24T11:55:15+00:00","og_image":[{"width":1360,"height":765,"url":"https:\/\/www.newmillenium.fr\/de\/wp-content\/uploads\/sites\/12\/2024\/07\/New-Millenium-Paris-gay-shop-main___original_1360_765.webp","type":"image\/webp"}],"twitter_card":"summary_large_image","twitter_misc":{"Dur\u00e9e de lecture estim\u00e9e":"2 minutes"},"schema":{"@context":"https:\/\/schema.org","@graph":[{"@type":"WebPage","@id":"https:\/\/www.newmillenium.fr\/de\/informations-horaires\/","url":"https:\/\/www.newmillenium.fr\/de\/informations-horaires\/","name":"NEW MILLENIUM \u00d6FFNUNGSZEITEN | New Millenium","isPartOf":{"@id":"https:\/\/www.newmillenium.fr\/de\/#website"},"primaryImageOfPage":{"@id":"https:\/\/www.newmillenium.fr\/de\/informations-horaires\/#primaryimage"},"image":{"@id":"https:\/\/www.newmillenium.fr\/de\/informations-horaires\/#primaryimage"},"thumbnailUrl":"https:\/\/www.newmillenium.fr\/de\/wp-content\/uploads\/sites\/12\/2024\/07\/New-Millenium-Paris-gay-shop-main___original_1360_765.webp","datePublished":"2016-09-05T18:28:26+00:00","dateModified":"2025-02-24T11:55:15+00:00","breadcrumb":{"@id":"https:\/\/www.newmillenium.fr\/de\/informations-horaires\/#breadcrumb"},"inLanguage":"fr-FR","potentialAction":[{"@type":"ReadAction","target":["https:\/\/www.newmillenium.fr\/de\/informations-horaires\/"]}]},{"@type":"ImageObject","inLanguage":"fr-FR","@id":"https:\/\/www.newmillenium.fr\/de\/informations-horaires\/#primaryimage","url":"https:\/\/www.newmillenium.fr\/de\/wp-content\/uploads\/sites\/12\/2024\/07\/New-Millenium-Paris-gay-shop-main___original_1360_765.webp","contentUrl":"https:\/\/www.newmillenium.fr\/de\/wp-content\/uploads\/sites\/12\/2024\/07\/New-Millenium-Paris-gay-shop-main___original_1360_765.webp","width":1360,"height":765},{"@type":"BreadcrumbList","@id":"https:\/\/www.newmillenium.fr\/de\/informations-horaires\/#breadcrumb","itemListElement":[{"@type":"ListItem","position":1,"name":"Accueil","item":"https:\/\/www.newmillenium.fr\/de\/"},{"@type":"ListItem","position":2,"name":"NEW MILLENIUM \u00d6FFNUNGSZEITEN"}]},{"@type":"WebSite","@id":"https:\/\/www.newmillenium.fr\/de\/#website","url":"https:\/\/www.newmillenium.fr\/de\/","name":"New Millenium","description":"SEXSHOP KUNSTGALERIE PARIS","publisher":{"@id":"https:\/\/www.newmillenium.fr\/de\/#organization"},"potentialAction":[{"@type":"SearchAction","target":{"@type":"EntryPoint","urlTemplate":"https:\/\/www.newmillenium.fr\/de\/?s={search_term_string}"},"query-input":{"@type":"PropertyValueSpecification","valueRequired":true,"valueName":"search_term_string"}}],"inLanguage":"fr-FR"},{"@type":"Organization","@id":"https:\/\/www.newmillenium.fr\/de\/#organization","name":"NEW MILLENIUM","url":"https:\/\/www.newmillenium.fr\/de\/","logo":{"@type":"ImageObject","inLanguage":"fr-FR","@id":"https:\/\/www.newmillenium.fr\/de\/#\/schema\/logo\/image\/","url":"https:\/\/www.newmillenium.fr\/de\/wp-content\/uploads\/sites\/12\/2024\/07\/newmillenium-paris.jpg","contentUrl":"https:\/\/www.newmillenium.fr\/de\/wp-content\/uploads\/sites\/12\/2024\/07\/newmillenium-paris.jpg","width":696,"height":696,"caption":"NEW MILLENIUM"},"image":{"@id":"https:\/\/www.newmillenium.fr\/de\/#\/schema\/logo\/image\/"}}]}},"_links":{"self":[{"href":"https:\/\/www.newmillenium.fr\/de\/wp-json\/wp\/v2\/pages\/1181","targetHints":{"allow":["GET"]}}],"collection":[{"href":"https:\/\/www.newmillenium.fr\/de\/wp-json\/wp\/v2\/pages"}],"about":[{"href":"https:\/\/www.newmillenium.fr\/de\/wp-json\/wp\/v2\/types\/page"}],"author":[{"embeddable":true,"href":"https:\/\/www.newmillenium.fr\/de\/wp-json\/wp\/v2\/users\/2"}],"replies":[{"embeddable":true,"href":"https:\/\/www.newmillenium.fr\/de\/wp-json\/wp\/v2\/comments?post=1181"}],"version-history":[{"count":179,"href":"https:\/\/www.newmillenium.fr\/de\/wp-json\/wp\/v2\/pages\/1181\/revisions"}],"predecessor-version":[{"id":4250,"href":"https:\/\/www.newmillenium.fr\/de\/wp-json\/wp\/v2\/pages\/1181\/revisions\/4250"}],"wp:featuredmedia":[{"embeddable":true,"href":"https:\/\/www.newmillenium.fr\/de\/wp-json\/wp\/v2\/media\/4193"}],"wp:attachment":[{"href":"https:\/\/www.newmillenium.fr\/de\/wp-json\/wp\/v2\/media?parent=1181"}],"curies":[{"name":"wp","href":"https:\/\/api.w.org\/{rel}","templated":true}]}}